{"id":74,"date":"2022-09-08T21:43:37","date_gmt":"2022-09-08T21:43:37","guid":{"rendered":"http:\/\/xn--emiliefischer-kinsiologie-ric.fr\/?page_id=74"},"modified":"2024-11-17T15:28:40","modified_gmt":"2024-11-17T15:28:40","slug":"decouvrir-la-kinesiologie","status":"publish","type":"page","link":"https:\/\/emiliefischer-kinesiologie.fr\/index.php\/decouvrir-la-kinesiologie\/","title":{"rendered":"D\u00e9couvrir la kin\u00e9siologie"},"content":{"rendered":"\t\t<div data-elementor-type=\"wp-page\" data-elementor-id=\"74\" class=\"elementor elementor-74\">\n\t\t\t\t\t\t\t\t\t<section class=\"elementor-section elementor-top-section elementor-element elementor-element-6efecf2 elementor-section-boxed elementor-section-height-default elementor-section-height-default\" data-id=\"6efecf2\" data-element_type=\"section\">\n\t\t\t\t\t\t<div class=\"elementor-container elementor-column-gap-default\">\n\t\t\t\t\t<div class=\"elementor-column elementor-col-100 elementor-top-column elementor-element elementor-element-40f5bf3\" data-id=\"40f5bf3\" data-element_type=\"column\">\n\t\t\t<div class=\"elementor-widget-wrap elementor-element-populated\">\n\t\t\t\t\t\t\t\t<div class=\"elementor-element elementor-element-5c2df47 elementor-widget elementor-widget-heading\" data-id=\"5c2df47\" data-element_type=\"widget\" data-widget_type=\"heading.default\">\n\t\t\t\t<div class=\"elementor-widget-container\">\n\t\t\t<style>\/*! elementor - v3.11.0 - 13-02-2023 *\/\n.elementor-heading-title{padding:0;margin:0;line-height:1}.elementor-widget-heading .elementor-heading-title[class*=elementor-size-]>a{color:inherit;font-size:inherit;line-height:inherit}.elementor-widget-heading .elementor-heading-title.elementor-size-small{font-size:15px}.elementor-widget-heading .elementor-heading-title.elementor-size-medium{font-size:19px}.elementor-widget-heading .elementor-heading-title.elementor-size-large{font-size:29px}.elementor-widget-heading .elementor-heading-title.elementor-size-xl{font-size:39px}.elementor-widget-heading .elementor-heading-title.elementor-size-xxl{font-size:59px}<\/style><h2 class=\"elementor-heading-title elementor-size-xl\">La kin\u00e9siologie, c'est quoi ? <\/h2>\t\t<\/div>\n\t\t\t\t<\/div>\n\t\t\t\t\t<\/div>\n\t\t<\/div>\n\t\t\t\t\t\t\t<\/div>\n\t\t<\/section>\n\t\t\t\t<section class=\"elementor-section elementor-top-section elementor-element elementor-element-7c2fe06 elementor-section-boxed elementor-section-height-default elementor-section-height-default\" data-id=\"7c2fe06\" data-element_type=\"section\">\n\t\t\t\t\t\t<div class=\"elementor-container elementor-column-gap-default\">\n\t\t\t\t\t<div class=\"elementor-column elementor-col-100 elementor-top-column elementor-element elementor-element-9bb050e\" data-id=\"9bb050e\" data-element_type=\"column\">\n\t\t\t<div class=\"elementor-widget-wrap elementor-element-populated\">\n\t\t\t\t\t\t\t\t<div class=\"elementor-element elementor-element-a06ae75 elementor-widget elementor-widget-text-editor\" data-id=\"a06ae75\" data-element_type=\"widget\" data-widget_type=\"text-editor.default\">\n\t\t\t\t<div class=\"elementor-widget-container\">\n\t\t\t<style>\/*! elementor - v3.11.0 - 13-02-2023 *\/\n.elementor-widget-text-editor.elementor-drop-cap-view-stacked .elementor-drop-cap{background-color:#818a91;color:#fff}.elementor-widget-text-editor.elementor-drop-cap-view-framed .elementor-drop-cap{color:#818a91;border:3px solid;background-color:transparent}.elementor-widget-text-editor:not(.elementor-drop-cap-view-default) .elementor-drop-cap{margin-top:8px}.elementor-widget-text-editor:not(.elementor-drop-cap-view-default) .elementor-drop-cap-letter{width:1em;height:1em}.elementor-widget-text-editor .elementor-drop-cap{float:left;text-align:center;line-height:1;font-size:50px}.elementor-widget-text-editor .elementor-drop-cap-letter{display:inline-block}<\/style>\t\t\t\t<p><span style=\"color: var( --e-global-color-text ); font-family: var( --e-global-typography-text-font-family ), Sans-serif; font-weight: var( --e-global-typography-text-font-weight ); font-size: 1rem;\">La kin\u00e9siologie est une ressource pour aider chaque personne d\u00e9sireuse de trouver la force de franchir certaines \u00e9tapes difficiles de sa vie.\u00a0<\/span><\/p><p><span style=\"color: var( --e-global-color-text ); font-family: var( --e-global-typography-text-font-family ), Sans-serif; font-weight: var( --e-global-typography-text-font-weight ); font-size: 1rem;\">Cette technique &#8220;psychocorporelle&#8221; (agissant sur le corps, le mental, mais aussi les \u00e9motions et l&#8217;\u00e9nerg\u00e9tique) tr\u00e8s compl\u00e8te allie des connaissances tr\u00e8s vari\u00e9es dans le but de lib\u00e9rer les blocages et \u00e9motions difficiles. En nous reconnectant \u00e0 notre corps, nous pouvons nous sentir plus en harmonie avec nous-m\u00eame et notre environnement.<\/span><\/p><p>\u00a0<\/p>\t\t\t\t\t\t<\/div>\n\t\t\t\t<\/div>\n\t\t\t\t\t<\/div>\n\t\t<\/div>\n\t\t\t\t\t\t\t<\/div>\n\t\t<\/section>\n\t\t\t\t<section class=\"elementor-section elementor-top-section elementor-element elementor-element-11f94bf elementor-section-boxed elementor-section-height-default elementor-section-height-default\" data-id=\"11f94bf\" data-element_type=\"section\">\n\t\t\t\t\t\t<div class=\"elementor-container elementor-column-gap-default\">\n\t\t\t\t\t<div class=\"elementor-column elementor-col-50 elementor-top-column elementor-element elementor-element-01e1369\" data-id=\"01e1369\" data-element_type=\"column\">\n\t\t\t<div class=\"elementor-widget-wrap elementor-element-populated\">\n\t\t\t\t\t\t\t\t<div class=\"elementor-element elementor-element-ede1460 elementor-widget elementor-widget-heading\" data-id=\"ede1460\" data-element_type=\"widget\" data-widget_type=\"heading.default\">\n\t\t\t\t<div class=\"elementor-widget-container\">\n\t\t\t<h2 class=\"elementor-heading-title elementor-size-default\">Plus de d\u00e9tails pour les curieux<\/h2>\t\t<\/div>\n\t\t\t\t<\/div>\n\t\t\t\t<div class=\"elementor-element elementor-element-943e42c elementor-widget elementor-widget-text-editor\" data-id=\"943e42c\" data-element_type=\"widget\" data-widget_type=\"text-editor.default\">\n\t\t\t\t<div class=\"elementor-widget-container\">\n\t\t\t\t\t\t\t<p><\/p>\n<p>Cette technique s\u2019appuie sur votre corps, vos ressources, sur l\u2019\u00e9nergie vitale, pour vous aider \u00e0 d\u00e9passer vos blocages et trouver votre \u00e9quilibre.<\/p>\n<p>En prenant conscience de votre potentiel et en d\u00e9veloppant votre confiance et votre cr\u00e9ativit\u00e9, la kin\u00e9siologie vous permettra d\u2019aller vers une meilleure connaissance de vous-m\u00eame, vers un mieux-\u00eatre.<\/p>\n<p>Les techniques utilis\u00e9es sont tr\u00e8s compl\u00e8tes et bas\u00e9es entre autre sur la m\u00e9decine chinoise mais aussi sur les r\u00e9centes d\u00e9couvertes en neurosciences (\u00e9tude du fonctionnement du syst\u00e8me nerveux, du cerveau).<\/p>\n<p>Elles permettent de trouver en vous les ressources pour (re)trouver un \u00e9quilibre entre les \u00e9motions, le corps et le mental, et acc\u00e9der \u00e0 votre plein potentiel.<\/p>\n<p>La kin\u00e9siologie agit en douceur sur ces diff\u00e9rents plans et permet de r\u00e9pondre \u00e0 des probl\u00e9matiques tr\u00e8s diverses, de la toute petite enfance jusqu\u2019\u00e0 l\u2019\u00e2ge adulte.<\/p>\t\t\t\t\t\t<\/div>\n\t\t\t\t<\/div>\n\t\t\t\t\t<\/div>\n\t\t<\/div>\n\t\t\t\t<div class=\"elementor-column elementor-col-50 elementor-top-column elementor-element elementor-element-a4a78bf\" data-id=\"a4a78bf\" data-element_type=\"column\">\n\t\t\t<div class=\"elementor-widget-wrap elementor-element-populated\">\n\t\t\t\t\t\t\t\t<div class=\"elementor-element elementor-element-1413197 elementor-widget elementor-widget-image\" data-id=\"1413197\" data-element_type=\"widget\" data-widget_type=\"image.default\">\n\t\t\t\t<div class=\"elementor-widget-container\">\n\t\t\t<style>\/*! elementor - v3.11.0 - 13-02-2023 *\/\n.elementor-widget-image{text-align:center}.elementor-widget-image a{display:inline-block}.elementor-widget-image a img[src$=\".svg\"]{width:48px}.elementor-widget-image img{vertical-align:middle;display:inline-block}<\/style>\t\t\t\t\t\t\t\t\t\t\t\t<img decoding=\"async\" width=\"525\" height=\"700\" src=\"https:\/\/emiliefischer-kinesiologie.fr\/wp-content\/uploads\/2024\/11\/IMG-20241105-WA0005-768x1024.jpg\" class=\"attachment-large size-large wp-image-448\" alt=\"\" loading=\"lazy\" srcset=\"https:\/\/emiliefischer-kinesiologie.fr\/wp-content\/uploads\/2024\/11\/IMG-20241105-WA0005-768x1024.jpg 768w, https:\/\/emiliefischer-kinesiologie.fr\/wp-content\/uploads\/2024\/11\/IMG-20241105-WA0005-225x300.jpg 225w, https:\/\/emiliefischer-kinesiologie.fr\/wp-content\/uploads\/2024\/11\/IMG-20241105-WA0005-1152x1536.jpg 1152w, https:\/\/emiliefischer-kinesiologie.fr\/wp-content\/uploads\/2024\/11\/IMG-20241105-WA0005.jpg 1512w\" sizes=\"(max-width: 525px) 100vw, 525px\" \/>\t\t\t\t\t\t\t\t\t\t\t\t\t\t\t<\/div>\n\t\t\t\t<\/div>\n\t\t\t\t\t<\/div>\n\t\t<\/div>\n\t\t\t\t\t\t\t<\/div>\n\t\t<\/section>\n\t\t\t\t<section class=\"elementor-section elementor-top-section elementor-element elementor-element-c9ce946 elementor-section-boxed elementor-section-height-default elementor-section-height-default\" data-id=\"c9ce946\" data-element_type=\"section\">\n\t\t\t\t\t\t<div class=\"elementor-container elementor-column-gap-default\">\n\t\t\t\t\t<div class=\"elementor-column elementor-col-50 elementor-top-column elementor-element elementor-element-da0fae6\" data-id=\"da0fae6\" data-element_type=\"column\">\n\t\t\t<div class=\"elementor-widget-wrap elementor-element-populated\">\n\t\t\t\t\t\t\t\t<div class=\"elementor-element elementor-element-4ece6db elementor-widget elementor-widget-image\" data-id=\"4ece6db\" data-element_type=\"widget\" data-widget_type=\"image.default\">\n\t\t\t\t<div class=\"elementor-widget-container\">\n\t\t\t\t\t\t\t\t\t\t\t\t\t\t\t<img decoding=\"async\" width=\"525\" height=\"705\" src=\"https:\/\/emiliefischer-kinesiologie.fr\/wp-content\/uploads\/2022\/11\/alonso-reyes-JCaw4DRqekk-unsplash-763x1024.jpg\" class=\"attachment-large size-large wp-image-107\" alt=\"\" loading=\"lazy\" srcset=\"https:\/\/emiliefischer-kinesiologie.fr\/wp-content\/uploads\/2022\/11\/alonso-reyes-JCaw4DRqekk-unsplash-763x1024.jpg 763w, https:\/\/emiliefischer-kinesiologie.fr\/wp-content\/uploads\/2022\/11\/alonso-reyes-JCaw4DRqekk-unsplash-223x300.jpg 223w, https:\/\/emiliefischer-kinesiologie.fr\/wp-content\/uploads\/2022\/11\/alonso-reyes-JCaw4DRqekk-unsplash-768x1031.jpg 768w, https:\/\/emiliefischer-kinesiologie.fr\/wp-content\/uploads\/2022\/11\/alonso-reyes-JCaw4DRqekk-unsplash-1144x1536.jpg 1144w, https:\/\/emiliefischer-kinesiologie.fr\/wp-content\/uploads\/2022\/11\/alonso-reyes-JCaw4DRqekk-unsplash-1525x2048.jpg 1525w, https:\/\/emiliefischer-kinesiologie.fr\/wp-content\/uploads\/2022\/11\/alonso-reyes-JCaw4DRqekk-unsplash-scaled.jpg 1907w\" sizes=\"(max-width: 525px) 100vw, 525px\" \/>\t\t\t\t\t\t\t\t\t\t\t\t\t\t\t<\/div>\n\t\t\t\t<\/div>\n\t\t\t\t\t<\/div>\n\t\t<\/div>\n\t\t\t\t<div class=\"elementor-column elementor-col-50 elementor-top-column elementor-element elementor-element-d2436a5\" data-id=\"d2436a5\" data-element_type=\"column\">\n\t\t\t<div class=\"elementor-widget-wrap elementor-element-populated\">\n\t\t\t\t\t\t\t\t<div class=\"elementor-element elementor-element-16f614c elementor-widget elementor-widget-heading\" data-id=\"16f614c\" data-element_type=\"widget\" data-widget_type=\"heading.default\">\n\t\t\t\t<div class=\"elementor-widget-container\">\n\t\t\t<h2 class=\"elementor-heading-title elementor-size-default\">La kin\u00e9siologie, pour qui ?<\/h2>\t\t<\/div>\n\t\t\t\t<\/div>\n\t\t\t\t<div class=\"elementor-element elementor-element-15df8da elementor-widget elementor-widget-text-editor\" data-id=\"15df8da\" data-element_type=\"widget\" data-widget_type=\"text-editor.default\">\n\t\t\t\t<div class=\"elementor-widget-container\">\n\t\t\t\t\t\t\t<p>La kin\u00e9siologie agit en douceur et permet de r\u00e9pondre \u00e0 des probl\u00e9matiques tr\u00e8s diverses, de la toute petite enfance jusqu&#8217;\u00e0 l&#8217;\u00e2ge adulte.<\/p><p>Chaque personne d\u00e9sireuse trouver de nouvelles solutions pour elle m\u00eame ou son enfant peut b\u00e9n\u00e9ficier d&#8217;une s\u00e9ance (<em>les nombreuses heures de formations des kin\u00e9siologues certifi\u00e9s permettent de ressentir le test musculaire et de lever des blocages, si il y en a<\/em>)<\/p><p><span style=\"color: var( --e-global-color-text ); font-family: var( --e-global-typography-text-font-family ), Sans-serif; font-weight: var( --e-global-typography-text-font-weight ); font-size: 1rem;\">Parce qu&#8217;\u00e0 chaque \u00e2ge et dans beaucoup de situations, il peut nous arriver de nous sentir bloqu\u00e9s, que l&#8217;on a tous ce qu&#8217;on appelle des &#8220;sabotages&#8221; qui nous emp\u00eachent de nous \u00e9panouir..<\/span><\/p><p>En passant par notre corps et nos muscles, nous &#8216;court-circuitons&#8217; notre mental, notre &#8216;conscient&#8217; pour arriver \u00e0 revenir aux \u00e9motions qui n&#8217;ont pas pu \u00eatre entendues, mieux les comprendre et enfin les lib\u00e9rer pour semez nos\u00a0<strong><em>graines de libert\u00e9&#8230;<\/em><\/strong><\/p>\t\t\t\t\t\t<\/div>\n\t\t\t\t<\/div>\n\t\t\t\t\t<\/div>\n\t\t<\/div>\n\t\t\t\t\t\t\t<\/div>\n\t\t<\/section>\n\t\t\t\t\t\t\t<\/div>\n\t\t","protected":false},"excerpt":{"rendered":"<p>La kin\u00e9siologie, c&#8217;est quoi ? La kin\u00e9siologie est une ressource pour aider chaque personne d\u00e9sireuse de trouver la force de franchir certaines \u00e9tapes difficiles de sa vie.\u00a0 Cette technique &#8220;psychocorporelle&#8221; (agissant sur le corps, le mental, mais aussi les \u00e9motions et l&#8217;\u00e9nerg\u00e9tique) tr\u00e8s compl\u00e8te allie des connaissances tr\u00e8s vari\u00e9es dans le but de lib\u00e9rer les &hellip; <\/p>\n<div class=\"link-more text-center\"><a href=\"https:\/\/emiliefischer-kinesiologie.fr\/index.php\/decouvrir-la-kinesiologie\/\" class=\"more-link py-2 px-4\">Read More<span class=\"screen-reader-text\"> &#8220;D\u00e9couvrir la kin\u00e9siologie&#8221;<\/span><\/a><\/div>\n","protected":false},"author":2,"featured_media":0,"parent":0,"menu_order":0,"comment_status":"closed","ping_status":"closed","template":"","meta":{"om_disable_all_campaigns":false,"_mi_skip_tracking":false},"aioseo_notices":[],"_links":{"self":[{"href":"https:\/\/emiliefischer-kinesiologie.fr\/index.php\/wp-json\/wp\/v2\/pages\/74"}],"collection":[{"href":"https:\/\/emiliefischer-kinesiologie.fr\/index.php\/wp-json\/wp\/v2\/pages"}],"about":[{"href":"https:\/\/emiliefischer-kinesiologie.fr\/index.php\/wp-json\/wp\/v2\/types\/page"}],"author":[{"embeddable":true,"href":"https:\/\/emiliefischer-kinesiologie.fr\/index.php\/wp-json\/wp\/v2\/users\/2"}],"replies":[{"embeddable":true,"href":"https:\/\/emiliefischer-kinesiologie.fr\/index.php\/wp-json\/wp\/v2\/comments?post=74"}],"version-history":[{"count":36,"href":"https:\/\/emiliefischer-kinesiologie.fr\/index.php\/wp-json\/wp\/v2\/pages\/74\/revisions"}],"predecessor-version":[{"id":515,"href":"https:\/\/emiliefischer-kinesiologie.fr\/index.php\/wp-json\/wp\/v2\/pages\/74\/revisions\/515"}],"wp:attachment":[{"href":"https:\/\/emiliefischer-kinesiologie.fr\/index.php\/wp-json\/wp\/v2\/media?parent=74"}],"curies":[{"name":"wp","href":"https:\/\/api.w.org\/{rel}","templated":true}]}}